{"id":5,"date":"2023-07-28T14:00:17","date_gmt":"2023-07-28T12:00:17","guid":{"rendered":"https:\/\/zukunft-inklusion.ch.prestage.ch\/ti\/?page_id=5"},"modified":"2024-07-22T12:58:09","modified_gmt":"2024-07-22T10:58:09","slug":"iniziativa","status":"publish","type":"page","link":"https:\/\/futuro-inclusivo.prestage.ch\/ti\/iniziativa\/","title":{"rendered":"L&#8217;iniziativa"},"content":{"rendered":"\n<h2 class=\"wp-block-heading\">Cosa sono le Giornate d&#8217;azione nazionali per i diritti delle persone con disabilit\u00e0?<\/h2>\n\n\n\n<p>Dal 15 maggio al 15 giugno 2024 si sono svolte in tutta la Svizzera le Giornate d&#8217;azione nazionali per i diritti delle persone con disabilit\u00e0. <\/p>\n\n\n\n<p>L&#8217;iniziativa ha avuto luogo in occasione del 10\u00b0 anniversario dell&#8217;adesione della Svizzera alla Convenzione ONU sui diritti delle persone con disabilit\u00e0 (<a rel=\"noreferrer noopener\" href=\"https:\/\/www.fedlex.admin.ch\/eli\/cc\/2014\/245\/it\" target=\"_blank\">CDPD<\/a>) e del 20\u00b0 anniversario della Legge sull\u2019eliminazione di svantaggi nei confronti dei disabili (<a rel=\"noreferrer noopener\" href=\"https:\/\/www.fedlex.admin.ch\/eli\/cc\/2003\/667\/it\" target=\"_blank\">LDis<\/a>). <\/p>\n\n\n\n<p>Durante questo mese in tutti i Cantoni sono state organizzate diverse azioni per implementare la <a rel=\"noreferrer noopener\" href=\"https:\/\/www.fedlex.admin.ch\/eli\/cc\/2014\/245\/it\" target=\"_blank\">CDPD<\/a>. Le azioni sono state organizzate dai <a href=\"https:\/\/futuro-inclusivo.prestage.ch\/ti\/partner\/\" data-type=\"link\" data-id=\"https:\/\/futuro-inclusivo.prestage.ch\/ti\/partner\/\">partner<\/a> (ad es. enti, associazioni, fondazioni, ecc.) che hanno aderito al progetto.  <\/p>\n\n\n\n<p>Per consultare la lista delle azioni organizzate in Ticino: <a href=\"https:\/\/futuro-inclusivo.prestage.ch\/ti\/calendario\/\" data-type=\"link\" data-id=\"https:\/\/futuro-inclusivo.prestage.ch\/ti\/calendario\/\">calendario. <\/a><\/p>\n\n\n\n<h2 class=\"wp-block-heading\">Chi le ha coordinate?<\/h2>\n\n\n\n<p>A livello nazionale l&#8217;iniziativa \u00e8 stata coordinata dall&#8217;Ufficio federale per le pari opportunit\u00e0 delle persone con disabilit\u00e0 (<a rel=\"noreferrer noopener\" href=\"https:\/\/www.edi.admin.ch\/edi\/it\/home\/fachstellen\/ufpd.html\" target=\"_blank\">UFPD<\/a>) con il sostegno della Conferenza delle direttrici e dei direttori cantonali delle opere sociali (<a rel=\"noreferrer noopener\" href=\"https:\/\/www.sodk.ch\/fr\/\" target=\"_blank\">CDOS<\/a>).<\/p>\n\n\n\n<p>In Ticino il coordinamento \u00e8 stato affidato all&#8217;Ufficio degli invalidi <a href=\"https:\/\/www4.ti.ch\/dss\/dasf\/chi-siamo\/ufficio-degli-invalidi\">(UI)<\/a> del Dipartimento della sanit\u00e0 e della socialit\u00e0 (<a href=\"https:\/\/www4.ti.ch\/dss\/dipartimento\" data-type=\"link\" data-id=\"https:\/\/www4.ti.ch\/dss\/dipartimento\">DSS<\/a>). <\/p>\n\n\n\n<p>La realizzazione del progetto \u00e8 stata possibile grazie alla preziosa collaborazione dei <a href=\"https:\/\/futuro-inclusivo.prestage.ch\/ti\/partner\/\" data-type=\"page\" data-id=\"24\">partner<\/a> che hanno aderito all&#8217;iniziativa.<\/p>\n\n\n\n<h2 class=\"wp-block-heading\">Perch\u00e9 sono state organizzate le Giornate?<\/h2>\n\n\n\n<p>Confederazione, Cantoni e Comuni sono tenuti ad attuare la <a rel=\"noreferrer noopener\" href=\"https:\/\/www.fedlex.admin.ch\/eli\/cc\/2014\/245\/it\" target=\"_blank\">CDPD<\/a> e a garantire alle persone con disabilit\u00e0 la totalit\u00e0 dei diritti umani e la partecipazione alla vita pubblica, sociale ed economica. <\/p>\n\n\n\n<p>Per mettere in atto la <a rel=\"noreferrer noopener\" href=\"https:\/\/www.fedlex.admin.ch\/eli\/cc\/2014\/245\/it\" target=\"_blank\">CDPD<\/a> \u00e8 necessario che istituzioni, politica e societ\u00e0 civile dialoghino e collaborino. Le Giornate d&#8217;azione hanno permesso di portare il tema all&#8217;attenzione dell&#8217;opinione pubblica, sensibilizzando tutti e tutte riguardo all&#8217;importanza di promuovere l\u2019uguaglianza delle persone con disabilit\u00e0 e la loro partecipazione attiva in tutti gli ambiti della vita.<\/p>\n\n\n\n<h2 class=\"wp-block-heading\">Qual \u00e8 la visione?<\/h2>\n\n\n\n<p>Le persone con disabilit\u00e0 devono poter utilizzare i mezzi di trasporto pubblici in maniera indipendente, devono poter partecipare ad attivit\u00e0 ricreative, culturali e sportive e devono avere accesso all&#8217;istruzione, all&#8217;assistenza sanitaria, al mercato del lavoro, agli alloggi e ai negozi, nonch\u00e9 all&#8217;informazione. Esattamente come tutte le altre persone. Questo \u00e8 ci\u00f2 che stabilisce la <a rel=\"noreferrer noopener\" href=\"https:\/\/www.fedlex.admin.ch\/eli\/cc\/2014\/245\/it\" target=\"_blank\">CDPD<\/a>, in vigore in Svizzera dal 2014.<\/p>\n","protected":false},"excerpt":{"rendered":"<p>Cosa sono le Giornate d&#8217;azione nazionali per i diritti delle persone con disabilit\u00e0? Dal 15 maggio al 15 giugno 2024 si sono svolte in tutta la Svizzera le Giornate d&#8217;azione nazionali per i diritti delle persone con disabilit\u00e0. L&#8217;iniziativa ha avuto luogo in occasione del 10\u00b0 anniversario dell&#8217;adesione della Svizzera alla Convenzione ONU sui diritti [&hellip;]<\/p>\n","protected":false},"author":1,"featured_media":0,"parent":0,"menu_order":2,"comment_status":"closed","ping_status":"closed","template":"page-templates\/concept_page.php","meta":{"_acf_changed":false,"_genesis_hide_title":false,"_genesis_hide_breadcrumbs":false,"_genesis_hide_singular_image":false,"_genesis_hide_footer_widgets":false,"_genesis_custom_body_class":"","_genesis_custom_post_class":"","_genesis_layout":"","footnotes":""},"class_list":{"0":"post-5","1":"page","2":"type-page","3":"status-publish","5":"entry"},"acf":[],"_links":{"self":[{"href":"https:\/\/futuro-inclusivo.prestage.ch\/ti\/wp-json\/wp\/v2\/pages\/5","targetHints":{"allow":["GET"]}}],"collection":[{"href":"https:\/\/futuro-inclusivo.prestage.ch\/ti\/wp-json\/wp\/v2\/pages"}],"about":[{"href":"https:\/\/futuro-inclusivo.prestage.ch\/ti\/wp-json\/wp\/v2\/types\/page"}],"author":[{"embeddable":true,"href":"https:\/\/futuro-inclusivo.prestage.ch\/ti\/wp-json\/wp\/v2\/users\/1"}],"replies":[{"embeddable":true,"href":"https:\/\/futuro-inclusivo.prestage.ch\/ti\/wp-json\/wp\/v2\/comments?post=5"}],"version-history":[{"count":31,"href":"https:\/\/futuro-inclusivo.prestage.ch\/ti\/wp-json\/wp\/v2\/pages\/5\/revisions"}],"predecessor-version":[{"id":444,"href":"https:\/\/futuro-inclusivo.prestage.ch\/ti\/wp-json\/wp\/v2\/pages\/5\/revisions\/444"}],"wp:attachment":[{"href":"https:\/\/futuro-inclusivo.prestage.ch\/ti\/wp-json\/wp\/v2\/media?parent=5"}],"curies":[{"name":"wp","href":"https:\/\/api.w.org\/{rel}","templated":true}]}}