{"id":3,"date":"2023-07-28T14:00:47","date_gmt":"2023-07-28T12:00:47","guid":{"rendered":"https:\/\/zukunft-inklusion.ch.prestage.ch\/ti\/?page_id=3"},"modified":"2024-07-22T12:55:53","modified_gmt":"2024-07-22T10:55:53","slug":"startseite","status":"publish","type":"page","link":"https:\/\/futuro-inclusivo.prestage.ch\/ti\/","title":{"rendered":"Giornate d&#8217;azione nazionali per i diritti delle persone con disabilit\u00e0 (15 maggio &#8211; 15 giugno 2024)"},"content":{"rendered":"\n<p>Dal 15\u00a0maggio al 15\u00a0giugno 2024, all&#8217;insegna dello slogan <strong>&#8220;Futuro inclusivo&#8221;<\/strong>, si sono tenute in Svizzera le Giornate d&#8217;azione nazionali per i diritti delle persone con disabilit\u00e0. Durante questo mese sono state organizzate in tutti i Cantoni diverse azioni per promuovere l&#8217;uguaglianza delle persone con disabilit\u00e0 e la loro partecipazione attiva in tutti gli ambiti della vita. <\/p>\n\n\n\n<p>Lo scopo delle Giornate \u00e8 stato quello di implementare la Convenzione ONU sui diritti delle persone con disabilit\u00e0 (<a rel=\"noreferrer noopener\" href=\"https:\/\/www.fedlex.admin.ch\/eli\/cc\/2014\/245\/it\" target=\"_blank\">CDPD<\/a>). Il 2024 \u00e8 infatti stato l&#8217;occasione per celebrare due importanti ricorrenze: il 10\u00b0 anniversario dell&#8217;adesione della Svizzera alla <a rel=\"noreferrer noopener\" href=\"https:\/\/www.fedlex.admin.ch\/eli\/cc\/2014\/245\/it\" target=\"_blank\">CDPD<\/a> e il 20\u00b0 anniversario della Legge federale sull&#8217;eliminazione di svantaggi nei confronti dei disabili (<a rel=\"noreferrer noopener\" href=\"https:\/\/www.fedlex.admin.ch\/eli\/cc\/2003\/667\/it\" target=\"_blank\">LDis<\/a>). La Confederazione, i Cantoni e i Comuni sono tenuti a implementare la <a rel=\"noreferrer noopener\" href=\"https:\/\/www.fedlex.admin.ch\/eli\/cc\/2014\/245\/it\" target=\"_blank\">CDPD<\/a> e la <a rel=\"noreferrer noopener\" href=\"https:\/\/www.fedlex.admin.ch\/eli\/cc\/2003\/667\/it\" target=\"_blank\">LDis<\/a>, a promuovere il rispetto della dignit\u00e0 delle persone con disabilit\u00e0 e a garantire alle persone con disabilit\u00e0 i diritti umani e le libert\u00e0 fondamentali. <\/p>\n\n\n\n<p>Anche il Cantone Ticino ha aderito a questa importante iniziativa, tramite l&#8217;Ufficio degli invalidi del Dipartimento della sanit\u00e0 e della socialit\u00e0 (<a href=\"https:\/\/www4.ti.ch\/dss\/dipartimento\" data-type=\"link\" data-id=\"https:\/\/www4.ti.ch\/dss\/dipartimento\">DSS<\/a>) e in collaborazione con numerosi partner presenti sul territorio.<\/p>\n\n\n\n<p><a href=\"https:\/\/futuro-inclusivo.prestage.ch\/ti\/wp-content\/uploads\/sites\/8\/WEB_A5-ITA-FUTURO-INCLUSIVO.pdf\" data-type=\"attachment\" data-id=\"356\">Flyer ufficiale dell&#8217;iniziativa<\/a><\/p>\n","protected":false},"excerpt":{"rendered":"<p>Dal 15\u00a0maggio al 15\u00a0giugno 2024, all&#8217;insegna dello slogan &#8220;Futuro inclusivo&#8221;, si sono tenute in Svizzera le Giornate d&#8217;azione nazionali per i diritti delle persone con disabilit\u00e0. Durante questo mese sono state organizzate in tutti i Cantoni diverse azioni per promuovere l&#8217;uguaglianza delle persone con disabilit\u00e0 e la loro partecipazione attiva in tutti gli ambiti della [&hellip;]<\/p>\n","protected":false},"author":1,"featured_media":0,"parent":0,"menu_order":1,"comment_status":"closed","ping_status":"closed","template":"page-templates\/landing_page.php","meta":{"_acf_changed":false,"_genesis_hide_title":false,"_genesis_hide_breadcrumbs":false,"_genesis_hide_singular_image":false,"_genesis_hide_footer_widgets":false,"_genesis_custom_body_class":"","_genesis_custom_post_class":"","_genesis_layout":"","footnotes":""},"class_list":{"0":"post-3","1":"page","2":"type-page","3":"status-publish","5":"entry"},"acf":[],"_links":{"self":[{"href":"https:\/\/futuro-inclusivo.prestage.ch\/ti\/wp-json\/wp\/v2\/pages\/3","targetHints":{"allow":["GET"]}}],"collection":[{"href":"https:\/\/futuro-inclusivo.prestage.ch\/ti\/wp-json\/wp\/v2\/pages"}],"about":[{"href":"https:\/\/futuro-inclusivo.prestage.ch\/ti\/wp-json\/wp\/v2\/types\/page"}],"author":[{"embeddable":true,"href":"https:\/\/futuro-inclusivo.prestage.ch\/ti\/wp-json\/wp\/v2\/users\/1"}],"replies":[{"embeddable":true,"href":"https:\/\/futuro-inclusivo.prestage.ch\/ti\/wp-json\/wp\/v2\/comments?post=3"}],"version-history":[{"count":37,"href":"https:\/\/futuro-inclusivo.prestage.ch\/ti\/wp-json\/wp\/v2\/pages\/3\/revisions"}],"predecessor-version":[{"id":442,"href":"https:\/\/futuro-inclusivo.prestage.ch\/ti\/wp-json\/wp\/v2\/pages\/3\/revisions\/442"}],"wp:attachment":[{"href":"https:\/\/futuro-inclusivo.prestage.ch\/ti\/wp-json\/wp\/v2\/media?parent=3"}],"curies":[{"name":"wp","href":"https:\/\/api.w.org\/{rel}","templated":true}]}}