{"id":24,"date":"2023-07-28T14:00:16","date_gmt":"2023-07-28T12:00:16","guid":{"rendered":"https:\/\/zukunft-inklusion.ch.prestage.ch\/ti\/?page_id=24"},"modified":"2024-07-22T12:59:56","modified_gmt":"2024-07-22T10:59:56","slug":"partner","status":"publish","type":"page","link":"https:\/\/futuro-inclusivo.prestage.ch\/ti\/partner\/","title":{"rendered":"Partner"},"content":{"rendered":"\n<p>Su questa pagina sono pubblicati tutti i partner che hanno partecipato alle Giornate d&#8217;azione organizzando una o pi\u00f9 azioni. <\/p>\n\n\n\n<p>L&#8217;Ufficio degli invalidi (<a href=\"https:\/\/www4.ti.ch\/dss\/dasf\/chi-siamo\/ufficio-degli-invalidi\">UI<\/a>) del Dipartimento della sanit\u00e0 e della socialit\u00e0 (<a href=\"https:\/\/www4.ti.ch\/dss\/dasf\/chi-siamo\/ufficio-degli-invalidi\">DSS<\/a>) ringrazia tutti i partner per la loro preziosa collaborazione, che ha reso possibile la realizzazione di questa importante iniziativa. <\/p>\n\n\n\n<p><\/p>\n\n\n\n<p><\/p>\n","protected":false},"excerpt":{"rendered":"<p>Su questa pagina sono pubblicati tutti i partner che hanno partecipato alle Giornate d&#8217;azione organizzando una o pi\u00f9 azioni. L&#8217;Ufficio degli invalidi (UI) del Dipartimento della sanit\u00e0 e della socialit\u00e0 (DSS) ringrazia tutti i partner per la loro preziosa collaborazione, che ha reso possibile la realizzazione di questa importante iniziativa.<\/p>\n","protected":false},"author":1,"featured_media":0,"parent":0,"menu_order":4,"comment_status":"closed","ping_status":"closed","template":"page-templates\/partner_page.php","meta":{"_acf_changed":false,"_genesis_hide_title":false,"_genesis_hide_breadcrumbs":false,"_genesis_hide_singular_image":false,"_genesis_hide_footer_widgets":false,"_genesis_custom_body_class":"","_genesis_custom_post_class":"","_genesis_layout":"","footnotes":""},"class_list":{"0":"post-24","1":"page","2":"type-page","3":"status-publish","5":"entry"},"acf":[],"_links":{"self":[{"href":"https:\/\/futuro-inclusivo.prestage.ch\/ti\/wp-json\/wp\/v2\/pages\/24","targetHints":{"allow":["GET"]}}],"collection":[{"href":"https:\/\/futuro-inclusivo.prestage.ch\/ti\/wp-json\/wp\/v2\/pages"}],"about":[{"href":"https:\/\/futuro-inclusivo.prestage.ch\/ti\/wp-json\/wp\/v2\/types\/page"}],"author":[{"embeddable":true,"href":"https:\/\/futuro-inclusivo.prestage.ch\/ti\/wp-json\/wp\/v2\/users\/1"}],"replies":[{"embeddable":true,"href":"https:\/\/futuro-inclusivo.prestage.ch\/ti\/wp-json\/wp\/v2\/comments?post=24"}],"version-history":[{"count":12,"href":"https:\/\/futuro-inclusivo.prestage.ch\/ti\/wp-json\/wp\/v2\/pages\/24\/revisions"}],"predecessor-version":[{"id":445,"href":"https:\/\/futuro-inclusivo.prestage.ch\/ti\/wp-json\/wp\/v2\/pages\/24\/revisions\/445"}],"wp:attachment":[{"href":"https:\/\/futuro-inclusivo.prestage.ch\/ti\/wp-json\/wp\/v2\/media?parent=24"}],"curies":[{"name":"wp","href":"https:\/\/api.w.org\/{rel}","templated":true}]}}