{"id":68,"date":"2023-07-28T14:00:37","date_gmt":"2023-07-28T12:00:37","guid":{"rendered":"https:\/\/zukunft-inklusion.ch.prestage.ch\/gr\/?page_id=68"},"modified":"2024-04-11T17:28:49","modified_gmt":"2024-04-11T15:28:49","slug":"media","status":"publish","type":"page","link":"https:\/\/futuro-inclusivo.prestage.ch\/gr\/media\/","title":{"rendered":"Media"},"content":{"rendered":"\n<h2 class=\"wp-block-heading\">Contributi dei media sulle giornate d&#8217;azione<\/h2>\n\n\n\n<p>Qui potete trovare una raccolta di contributi dei media sulle Giornate d\u2019azione per i diritti delle persone con disabilit\u00e0 2024.<\/p>\n\n\n<div role=\"list\" class=\"cst-mediapub-list cst-mediapub-list-page\" aria-live=\"polite\"><div role=\"listitem\" class=\"cst-mediapub-listitem cst-mediapub-listitem-show\" id=\"mediapub_1739\" data-index=\"1\"><h3 class=\"h5 cst-mediapub-post-title\">Iscrizione alla newsletter<\/h3><p>Desidera abbonarsi alla newsletter &#8220;CDPD nei Grigioni&#8221;? \r\nIscrizione via e-mail: behindertenintegration@soa.gr.ch. \r\nTrova tutte le edizioni tramite il link qui sotto.\r\n<\/p><!--  --><a href=\"https:\/\/www.gr.ch\/IT\/istituzioni\/amministrazione\/dvs\/soa\/handicap\/politica\/cdpd-onu\/Seiten\/default.aspx\" target=\"_blank\" aria-label=\"Vai all\u2019articolo dei media \u2013 Iscrizione alla newsletter\" class=\"more-link\">Vai all\u2019articolo dei media<\/a><\/div><div role=\"listitem\" class=\"cst-mediapub-listitem cst-mediapub-listitem-show\" id=\"mediapub_1687\" data-index=\"2\"><h3 class=\"h5 cst-mediapub-post-title\">Inclusione nei Grigioni<\/h3><p>RTR (Radiotelevisiun Svizra Rumantscha) ha prodotto interessanti programmi sul tema dell&#8217;inclusione nei Grigioni nell&#8217;ambito delle Giornate d&#8217;azione per i diritti delle persone con disabilit\u00e0.<\/p><!--  --><a href=\"https:\/\/www.rtr.ch\/cultura\/inclusiun?srg_shorturl_source=inclusiun\" target=\"_blank\" aria-label=\"Vai all\u2019articolo dei media \u2013 Inclusione nei Grigioni\" class=\"more-link\">Vai all\u2019articolo dei media<\/a><\/div><div role=\"listitem\" class=\"cst-mediapub-listitem cst-mediapub-listitem-show\" id=\"mediapub_1666\" data-index=\"3\"><h3 class=\"h5 cst-mediapub-post-title\">Z\u00e4mma Schaffemers, maggio 2024<\/h3><p>Il meraviglioso video musicale \u00e8 stato creato in collaborazione con i consulenti professionali IV della SVA Graub\u00fcnden e con gli apprendisti e gli insegnanti della scuola professionale PrA Graub\u00fcnden.<\/p><!--  --><a href=\"https:\/\/m.youtube.com\/watch?v=DjiogxCQVnk&amp;pp=ygUOR3JlY28gZmVhdCBTVkE%3D\" target=\"_blank\" aria-label=\"Vai all\u2019articolo dei media \u2013 Z\u00e4mma Schaffemers, maggio 2024\" class=\"more-link\">Vai all\u2019articolo dei media<\/a><\/div><div role=\"listitem\" class=\"cst-mediapub-listitem cst-mediapub-listitem-show\" id=\"mediapub_1662\" data-index=\"4\"><h3 class=\"h5 cst-mediapub-post-title\">Turismo inclusivo in Valposchiavo, Maggio 2024<\/h3><p>Sei utenti dell\u2019istituzione Movimento Poschiavo si sono resi protagonisti di video promozionali, nei quali hanno raccontato i propri luoghi del cuore e le particolarit\u00e0 della Valposchiavo<\/p><!--  --><a href=\"https:\/\/youtu.be\/viT_CbzXO44?si=45M3R4DHoddbJShk\" target=\"_blank\" aria-label=\"Vai all\u2019articolo dei media \u2013 Turismo inclusivo in Valposchiavo, Maggio 2024\" class=\"more-link\">Vai all\u2019articolo dei media<\/a><\/div><div role=\"listitem\" class=\"cst-mediapub-listitem cst-mediapub-listitem-show\" id=\"mediapub_1656\" data-index=\"5\"><h3 class=\"h5 cst-mediapub-post-title\">\u00abQuai funcziuna gea schon\u00bb<\/h3><p>RTR, 22.05.2024: Tema centrale inclusione<\/p><!--  --><a href=\"https:\/\/www.rtr.ch\/novitads\/grischun\/surselva\/futur-inclusiun-quai-funcziuna-gea-schon\" target=\"_blank\" aria-label=\"Vai all\u2019articolo dei media \u2013 \u00abQuai funcziuna gea schon\u00bb\" class=\"more-link\">Vai all\u2019articolo dei media<\/a><\/div><div role=\"listitem\" class=\"cst-mediapub-listitem cst-mediapub-listitem-show\" id=\"mediapub_1660\" data-index=\"6\"><h3 class=\"h5 cst-mediapub-post-title\">Perspektivenwechsel<\/h3><p>Davoser Zeitung, 18.05.2024: Rapporto sul cambio di prospettiva al Museo di storia locale di Davos<\/p><!--  --><a href=\"https:\/\/www.suedostschweiz.ch\/graubuenden\/nationale-aktionstage-behindertenrechte-perspektivenwechsel-im-heimatmuseum\" target=\"_blank\" aria-label=\"Vai all\u2019articolo dei media \u2013 Perspektivenwechsel\" class=\"more-link\">Vai all\u2019articolo dei media<\/a><\/div><div role=\"listitem\" class=\"cst-mediapub-listitem cst-mediapub-listitem-show\" id=\"mediapub_1657\" data-index=\"7\"><h3 class=\"h5 cst-mediapub-post-title\">Soziale Nachhaltigkeit<\/h3><p>B\u00dcWO del 15\/05\/2024 riporta il tema della futura inclusione<\/p><!--  --><a href=\"https:\/\/epaper.somedia.ch\/issue.act?issueId=196629&amp;issueMutation=wzbw&amp;issueDate=20240515&amp;region=BZ\" target=\"_blank\" aria-label=\"Vai all\u2019articolo dei media \u2013 Soziale Nachhaltigkeit\" class=\"more-link\">Vai all\u2019articolo dei media<\/a><\/div><div role=\"listitem\" class=\"cst-mediapub-listitem \" id=\"mediapub_1602\" data-index=\"8\"><h3 class=\"h5 cst-mediapub-post-title\">Turismo Inclusivo<\/h3><p>RSI riferisce sul progetto \u201cTurismo Inclusivo\u201d nel Valposchiavo.<\/p><!--  --><a href=\"https:\/\/www.rsi.ch\/play\/tv\/-\/video\/-?urn=urn:rsi:video:2146600\" target=\"_blank\" aria-label=\"Vai all\u2019articolo dei media \u2013 Turismo Inclusivo\" class=\"more-link\">Vai all\u2019articolo dei media<\/a><\/div><div role=\"listitem\" class=\"cst-mediapub-listitem \" id=\"mediapub_1599\" data-index=\"9\"><h3 class=\"h5 cst-mediapub-post-title\">Newsletter 06 | CDPD nei Grigioni, 08.05.2024<\/h3><p>Informazioni sul programma delle Giornate d&#8217;azione per i diritti delle persone con disabilit\u00e0 2024.<\/p><!--  --><a href=\"https:\/\/us18.campaign-archive.com\/?e=[UNIQID]&amp;u=ad2106462a9468b435a867a48&amp;id=ba3f6b6316\" target=\"_blank\" aria-label=\"Vai all\u2019articolo dei media \u2013 Newsletter 06 | CDPD nei Grigioni, 08.05.2024\" class=\"more-link\">Vai all\u2019articolo dei media<\/a><\/div><div role=\"listitem\" class=\"cst-mediapub-listitem \" id=\"mediapub_1567\" data-index=\"10\"><h3 class=\"h5 cst-mediapub-post-title\">Comunicato stampa 30.04.2024<\/h3><p>\u00abFuturo inclusivo\u00bb nei Grigioni &#8211; l&#8217;attenzione \u00e8 di nuovo concentrata sulle persone con disabilit\u00e0 alle giornate d&#8217;azione per i diritti dei disabili dal 15 maggio al 15 giugno 2024.\r\n<\/p><!--  --><a href=\"https:\/\/www.gr.ch\/IT\/media\/Comunicati\/MMStaka\/2024\/Seiten\/2024043001.aspx\" target=\"_blank\" aria-label=\"Vai all\u2019articolo dei media \u2013 Comunicato stampa 30.04.2024\" class=\"more-link\">Vai all\u2019articolo dei media<\/a><\/div><div role=\"listitem\" class=\"cst-mediapub-listitem \" id=\"mediapub_637\" data-index=\"11\"><h3 class=\"h5 cst-mediapub-post-title\">Comunicato stampa 23.01.2024<\/h3><p>Il Governo rafforza i diritti delle persone con disabilit\u00e0: Nuovo servizio specializzato e di coordinamento per la parit\u00e0 di trattamento e i diritti delle persone con disabilit\u00e0 nei Grigioni.<\/p><!--  --><a href=\"https:\/\/www.gr.ch\/IT\/media\/Comunicati\/MMStaka\/2024\/Seiten\/2024012301.aspx\" target=\"_blank\" aria-label=\"Vai all\u2019articolo dei media \u2013 Comunicato stampa 23.01.2024\" class=\"more-link\">Vai all\u2019articolo dei media<\/a><\/div><div role=\"listitem\" class=\"cst-mediapub-listitem \" id=\"mediapub_166\" data-index=\"12\"><h3 class=\"h5 cst-mediapub-post-title\">Comunicato stampa 12.09.2023<\/h3><p>Futuro inclusivo \u2013 i Grigioni sono alla ricerca di progetti per le giornate d&#8217;azione per i diritti delle persone con disabilit\u00e0 2024<\/p><!--  --><a href=\"https:\/\/www.gr.ch\/IT\/media\/Comunicati\/MMStaka\/2023\/Seiten\/2023091201.aspx\" target=\"_blank\" aria-label=\"Vai all\u2019articolo dei media \u2013 Comunicato stampa 12.09.2023\" class=\"more-link\">Vai all\u2019articolo dei media<\/a><\/div><button class=\"cst-mediapub-list-more-button\"><span>Mostra altri articoli dei media<\/span><\/button><\/div>\n\n\n<h2 class=\"wp-block-heading\">Contatti con i media<\/h2>\n\n\n\n<p>Susanna Gadient<br>Capoufficio<br><a href=\"mailto:\" data-eml-encoded-attr=\"WVd0MGFXOXVjM1JoWjJVbE5EQnpiMkV1WjNJdVkyZz0=\"><span data-eml-encoded-html><label>(E-Mail)<\/label><var aria-hidden=\"true\" style=\"display:none\">WVd0MGFXOXVjM1JoWjJVbE5EQnpiMkV1WjNJdVkyZz0=<\/var><\/span><\/a><br>+41 81 257 26 54<\/p>\n\n\n\n<p>Ufficio cantonale del servizio sociale dei Grigioni<br>Grabenstrasse 8<br>7000 Coira<\/p>\n","protected":false},"excerpt":{"rendered":"<p>Contributi dei media sulle giornate d&#8217;azione Qui potete trovare una raccolta di contributi dei media sulle Giornate d\u2019azione per i diritti delle persone con disabilit\u00e0 2024. Contatti con i media Susanna GadientCapoufficio(E-Mail)WVd0MGFXOXVjM1JoWjJVbE5EQnpiMkV1WjNJdVkyZz0=+41 81 257 26 54 Ufficio cantonale del servizio sociale dei GrigioniGrabenstrasse 87000 Coira<\/p>\n","protected":false},"author":1,"featured_media":0,"parent":0,"menu_order":8,"comment_status":"closed","ping_status":"closed","template":"page-templates\/media_page.php","meta":{"_acf_changed":false,"_genesis_hide_title":false,"_genesis_hide_breadcrumbs":false,"_genesis_hide_singular_image":false,"_genesis_hide_footer_widgets":false,"_genesis_custom_body_class":"","_genesis_custom_post_class":"","_genesis_layout":"","footnotes":""},"class_list":{"0":"post-68","1":"page","2":"type-page","3":"status-publish","5":"entry"},"acf":[],"_links":{"self":[{"href":"https:\/\/futuro-inclusivo.prestage.ch\/gr\/wp-json\/wp\/v2\/pages\/68","targetHints":{"allow":["GET"]}}],"collection":[{"href":"https:\/\/futuro-inclusivo.prestage.ch\/gr\/wp-json\/wp\/v2\/pages"}],"about":[{"href":"https:\/\/futuro-inclusivo.prestage.ch\/gr\/wp-json\/wp\/v2\/types\/page"}],"author":[{"embeddable":true,"href":"https:\/\/futuro-inclusivo.prestage.ch\/gr\/wp-json\/wp\/v2\/users\/1"}],"replies":[{"embeddable":true,"href":"https:\/\/futuro-inclusivo.prestage.ch\/gr\/wp-json\/wp\/v2\/comments?post=68"}],"version-history":[{"count":4,"href":"https:\/\/futuro-inclusivo.prestage.ch\/gr\/wp-json\/wp\/v2\/pages\/68\/revisions"}],"predecessor-version":[{"id":1240,"href":"https:\/\/futuro-inclusivo.prestage.ch\/gr\/wp-json\/wp\/v2\/pages\/68\/revisions\/1240"}],"wp:attachment":[{"href":"https:\/\/futuro-inclusivo.prestage.ch\/gr\/wp-json\/wp\/v2\/media?parent=68"}],"curies":[{"name":"wp","href":"https:\/\/api.w.org\/{rel}","templated":true}]}}