{"id":56,"date":"2023-07-28T14:00:17","date_gmt":"2023-07-28T12:00:17","guid":{"rendered":"https:\/\/zukunft-inklusion.ch.prestage.ch\/gr\/?page_id=56"},"modified":"2024-09-04T10:42:10","modified_gmt":"2024-09-04T08:42:10","slug":"iniziativa","status":"publish","type":"page","link":"https:\/\/futuro-inclusivo.prestage.ch\/gr\/iniziativa\/","title":{"rendered":"L&#8217;iniziativa"},"content":{"rendered":"\n<h2 class=\"wp-block-heading\">Chi siamo?<\/h2>\n\n\n\n<p>L&#8217;Ufficio sociale cantonale dei Grigioni promuove (<a href=\"https:\/\/www.gr.ch\/IT\/istituzioni\/amministrazione\/dvs\/soa\/home\/Seiten\/Sozialamt.aspx\" data-type=\"URL\" data-id=\"https:\/\/www.gr.ch\/IT\/istituzioni\/amministrazione\/dvs\/soa\/home\/Seiten\/Sozialamt.aspx\">USo<\/a>) la sicurezza sociale e l&#8217;integrazione. Anche le persone con disabilit\u00e0 devono essere in grado di condurre una vita improntata ai principi dell&#8217;autodeterminazione e della partecipazione.<\/p>\n\n\n\n<p>Le Giornate d&#8217;azione nazionali per i diritti dei disabili 2024 sono state coordinate e gestite dall&#8217;Ufficio federale <br>per l&#8217;uguaglianza delle persone con disabilit\u00e0 (<a rel=\"noreferrer noopener\" href=\"https:\/\/www.edi.admin.ch\/edi\/it\/home\/fachstellen\/ufpd.html\" target=\"_blank\">UFPD<\/a>). La Conferenza dei direttori cantonali degli affari sociali (<a rel=\"noreferrer noopener\" href=\"https:\/\/www.sodk.ch\/fr\/\" target=\"_blank\">SODK<\/a>) sostiene l&#8217;approccio partecipativo di questa campagna e la considera un mezzo importante per sensibilizzare l&#8217;opinione pubblica svizzera sulle problematiche delle persone con disabilit\u00e0.<\/p>\n\n\n\n<h2 class=\"wp-block-heading\">Perch\u00e9 tutto questo?<\/h2>\n\n\n\n<p>La Convenzione ONU sui diritti delle persone con disabilit\u00e0 (<a href=\"https:\/\/www.fedlex.admin.ch\/eli\/cc\/2014\/245\/it\" target=\"_blank\" rel=\"noreferrer noopener\">CRPD<\/a>) non \u00e8 un esercizio, ma un obbligo. Tuttavia, l&#8217;attuazione della CRPD richiede un&#8217;ampia alleanza. Le giornate d&#8217;azione ci permettono di portare questo tema all&#8217;attenzione del grande pubblico.<\/p>\n\n\n\n<h2 class=\"wp-block-heading\">Qual \u00e8 la nostra visione?<\/h2>\n\n\n\n<p>Le persone con disabilit\u00e0 hanno gli stessi diritti di tutti gli altri! Ecco cosa stiamo facendo. Le persone con disabilit\u00e0 devono poter utilizzare i mezzi di trasporto pubblico in modo spontaneo e indipendente: proprio come tutti gli altri. Devono poter partecipare ad attivit\u00e0 ricreative, culturali e sportive: come tutti gli altri. E come tutti, le persone con disabilit\u00e0 devono avere lo stesso accesso all&#8217;istruzione, all&#8217;assistenza sanitaria, al mercato del lavoro, agli alloggi e ai negozi, nonch\u00e9 all&#8217;informazione e alla comunicazione. Questo \u00e8 esattamente ci\u00f2 che \u00e8 ancorato nella Convenzione delle Nazioni Unite sui diritti delle persone con disabilit\u00e0. La Svizzera ha firmato la Convenzione, che \u00e8 in vigore dal 2014.<\/p>\n\n\n\n<h2 class=\"wp-block-heading\">Quali sono i nostri obiettivi?<\/h2>\n\n\n\n<p>Le giornate d&#8217;azione offrono l&#8217;opportunit\u00e0 di mostrare al pubblico nuove misure gi\u00e0 pianificate o attuate per migliorare la vita delle persone con disabilit\u00e0. In questo modo, mirano a influenzare positivamente l&#8217;agenda politica. Durante le azioni, gli ostacoli possono essere resi visibili e tangibili. Allo stesso tempo, \u00e8 necessario trasmettere conoscenze pratiche per trovare soluzioni mirate e sostenibili. A tal fine, \u00e8 essenziale disporre di una rete diversificata in grado di agire. A tal fine, si stanno creando forum di scambio e si stanno mettendo a disposizione servizi di supporto.<\/p>\n\n\n\n<h2 class=\"wp-block-heading\">Quali sono i nostri criteri di qualit\u00e0?<\/h2>\n\n\n\n<p>La nostra ambizione \u00e8 che le azioni siano collegate alla CRPD, garantiscano l&#8217;inclusione delle persone con disabilit\u00e0 e assicurino la parit\u00e0 di accesso per tutti.<\/p>\n","protected":false},"excerpt":{"rendered":"<p>Chi siamo? L&#8217;Ufficio sociale cantonale dei Grigioni promuove (USo) la sicurezza sociale e l&#8217;integrazione. Anche le persone con disabilit\u00e0 devono essere in grado di condurre una vita improntata ai principi dell&#8217;autodeterminazione e della partecipazione. Le Giornate d&#8217;azione nazionali per i diritti dei disabili 2024 sono state coordinate e gestite dall&#8217;Ufficio federale per l&#8217;uguaglianza delle persone [&hellip;]<\/p>\n","protected":false},"author":1,"featured_media":0,"parent":0,"menu_order":2,"comment_status":"closed","ping_status":"closed","template":"page-templates\/concept_page.php","meta":{"_acf_changed":false,"_genesis_hide_title":false,"_genesis_hide_breadcrumbs":false,"_genesis_hide_singular_image":false,"_genesis_hide_footer_widgets":false,"_genesis_custom_body_class":"","_genesis_custom_post_class":"","_genesis_layout":"","footnotes":""},"class_list":{"0":"post-56","1":"page","2":"type-page","3":"status-publish","5":"entry"},"acf":[],"_links":{"self":[{"href":"https:\/\/futuro-inclusivo.prestage.ch\/gr\/wp-json\/wp\/v2\/pages\/56","targetHints":{"allow":["GET"]}}],"collection":[{"href":"https:\/\/futuro-inclusivo.prestage.ch\/gr\/wp-json\/wp\/v2\/pages"}],"about":[{"href":"https:\/\/futuro-inclusivo.prestage.ch\/gr\/wp-json\/wp\/v2\/types\/page"}],"author":[{"embeddable":true,"href":"https:\/\/futuro-inclusivo.prestage.ch\/gr\/wp-json\/wp\/v2\/users\/1"}],"replies":[{"embeddable":true,"href":"https:\/\/futuro-inclusivo.prestage.ch\/gr\/wp-json\/wp\/v2\/comments?post=56"}],"version-history":[{"count":6,"href":"https:\/\/futuro-inclusivo.prestage.ch\/gr\/wp-json\/wp\/v2\/pages\/56\/revisions"}],"predecessor-version":[{"id":1716,"href":"https:\/\/futuro-inclusivo.prestage.ch\/gr\/wp-json\/wp\/v2\/pages\/56\/revisions\/1716"}],"wp:attachment":[{"href":"https:\/\/futuro-inclusivo.prestage.ch\/gr\/wp-json\/wp\/v2\/media?parent=56"}],"curies":[{"name":"wp","href":"https:\/\/api.w.org\/{rel}","templated":true}]}}