{"id":54,"date":"2023-07-28T14:00:47","date_gmt":"2023-07-28T12:00:47","guid":{"rendered":"https:\/\/zukunft-inklusion.ch.prestage.ch\/gr\/?page_id=54"},"modified":"2024-09-04T15:03:12","modified_gmt":"2024-09-04T13:03:12","slug":"futuro-inclusivo-giornate-dazione-per-i-diritti-delle-persone-con-disabilita","status":"publish","type":"page","link":"https:\/\/futuro-inclusivo.prestage.ch\/gr\/","title":{"rendered":"Futuro inclusivo \u2013 Giornate d&#8217;azione per i diritti delle persone con disabilit\u00e0"},"content":{"rendered":"\n<p>Dal 15&nbsp;maggio al 15&nbsp;giugno 2024 si sono svolte in tutta la Svizzera giornate d&#8217;azione per i diritti dei disabili.<\/p>\n\n\n\n<p>Durante questo periodo sono stati organizzati oltre <a href=\"https:\/\/futuro-inclusivo.prestage.ch\/gr\/calendario\/\" data-type=\"page\" data-id=\"58\">50 eventi<\/a>. Aziende, istituzioni e societ\u00e0 civile di tutti i Grigioni hanno dato un prezioso contributo alla promozione dell&#8217;inclusione.<\/p>\n\n\n\n<h2 class=\"wp-block-heading\"><strong>L&#8217;obiettivo<\/strong><\/h2>\n\n\n\n<p>L&#8217;obiettivo delle giornate d&#8217;azione \u00e8 mostrare ad ampie fasce della popolazione come si pu\u00f2 presentare un futuro inclusivo in diversi ambiti della vita e come lo si pu\u00f2 realizzare. Con diversi temi quali ad esempio l&#8217;accesso a sport e cultura, l&#8217;inclusione nel settore turistico, nella formazione o nel lavoro si intende promuovere la sensibilizzazione di bambini e adulti.<\/p>\n\n\n\n<h2 class=\"wp-block-heading\">Contesto<\/h2>\n\n\n\n<p>Il 2024 segna un anno importante per i diritti delle persone con disabilit\u00e0 in Svizzera. Sono infatti due le pietre miliari del percorso verso l&#8217;inclusione delle persone con disabilit\u00e0 da celebrare.<\/p>\n\n\n\n<p>La Convenzione ONU sui diritti delle persone con disabilit\u00e0 (<a rel=\"noreferrer noopener\" href=\"https:\/\/www.fedlex.admin.ch\/eli\/cc\/2014\/245\/it\" target=\"_blank\">CRPD<\/a>) \u00e8 in vigore in Svizzera dal 2014. La legge sull&#8217;eliminazione di svantaggi nei confronti dei disabilit\u00e0 (<a href=\"https:\/\/www.fedlex.admin.ch\/eli\/cc\/2003\/667\/it\" target=\"_blank\" rel=\"noreferrer noopener\">LDis<\/a>) costituisce un&#8217;importante base giuridica dal 2004. L&#8217;obiettivo della CRPD e della LDis \u00e8 quello di promuovere, proteggere e garantire l&#8217;uguale godimento dei diritti umani e delle libert\u00e0 fondamentali da parte di tutte le persone con disabilit\u00e0, nonch\u00e9 di promuovere il rispetto della loro dignit\u00e0. La Confederazione, i Cantoni e i Comuni sono tenuti ad attuare la CRPD e la LDis.<\/p>\n\n\n\n<p>Nell&#8217;ambito delle Giornate d&#8217;azione, vogliamo dare impulso all&#8217;attuazione dei diritti umani, agire insieme e rendere visibili i buoni esempi.<\/p>\n\n\n\n<h2 class=\"wp-block-heading\">Iscrizione alla newsletter<\/h2>\n\n\n\n<p>Desidera abbonarsi alla nostra newsletter &#8220;CDPD | Convenzione ONU sui diritti delle persone con disabilita nel Cantone dei Grigioni&#8221;? Scriveteci una e-mail a behindertenintegration@soa.gr.ch.<\/p>\n","protected":false},"excerpt":{"rendered":"<p>Dal 15&nbsp;maggio al 15&nbsp;giugno 2024 si sono svolte in tutta la Svizzera giornate d&#8217;azione per i diritti dei disabili. Durante questo periodo sono stati organizzati oltre 50 eventi. Aziende, istituzioni e societ\u00e0 civile di tutti i Grigioni hanno dato un prezioso contributo alla promozione dell&#8217;inclusione. L&#8217;obiettivo L&#8217;obiettivo delle giornate d&#8217;azione \u00e8 mostrare ad ampie fasce [&hellip;]<\/p>\n","protected":false},"author":1,"featured_media":0,"parent":0,"menu_order":1,"comment_status":"closed","ping_status":"closed","template":"page-templates\/landing_page.php","meta":{"_acf_changed":false,"_genesis_hide_title":false,"_genesis_hide_breadcrumbs":false,"_genesis_hide_singular_image":false,"_genesis_hide_footer_widgets":false,"_genesis_custom_body_class":"","_genesis_custom_post_class":"","_genesis_layout":"","footnotes":""},"class_list":{"0":"post-54","1":"page","2":"type-page","3":"status-publish","5":"entry"},"acf":[],"_links":{"self":[{"href":"https:\/\/futuro-inclusivo.prestage.ch\/gr\/wp-json\/wp\/v2\/pages\/54","targetHints":{"allow":["GET"]}}],"collection":[{"href":"https:\/\/futuro-inclusivo.prestage.ch\/gr\/wp-json\/wp\/v2\/pages"}],"about":[{"href":"https:\/\/futuro-inclusivo.prestage.ch\/gr\/wp-json\/wp\/v2\/types\/page"}],"author":[{"embeddable":true,"href":"https:\/\/futuro-inclusivo.prestage.ch\/gr\/wp-json\/wp\/v2\/users\/1"}],"replies":[{"embeddable":true,"href":"https:\/\/futuro-inclusivo.prestage.ch\/gr\/wp-json\/wp\/v2\/comments?post=54"}],"version-history":[{"count":12,"href":"https:\/\/futuro-inclusivo.prestage.ch\/gr\/wp-json\/wp\/v2\/pages\/54\/revisions"}],"predecessor-version":[{"id":1754,"href":"https:\/\/futuro-inclusivo.prestage.ch\/gr\/wp-json\/wp\/v2\/pages\/54\/revisions\/1754"}],"wp:attachment":[{"href":"https:\/\/futuro-inclusivo.prestage.ch\/gr\/wp-json\/wp\/v2\/media?parent=54"}],"curies":[{"name":"wp","href":"https:\/\/api.w.org\/{rel}","templated":true}]}}